{"id":9719,"date":"2022-10-05T14:10:03","date_gmt":"2022-10-05T14:10:03","guid":{"rendered":"https:\/\/morarmais.com.br\/mms\/?page_id=9719"},"modified":"2022-10-06T09:02:33","modified_gmt":"2022-10-06T09:02:33","slug":"tour-virtual-rio-2022","status":"publish","type":"page","link":"https:\/\/morarmais.com.br\/mms\/tour-virtual-rio-2022\/","title":{"rendered":"Tour Virtual Rio 2022"},"content":{"rendered":"\n<h2 class=\"has-text-align-center eplus-wrapper wp-block-heading\">Seja bem-vindo ao tour virtual do Morar Mais Rio 2022<\/h2>\n\n\n\n<p class=\"has-text-align-center eplus-wrapper\">Para fazer o <strong>circuito completo e visitar todos os ambientes<\/strong>, siga o c\u00edrculo branco que aparece no v\u00eddeo. <br>Escolha os \u00e2ngulos que deseja ver mais de perto e navegue voc\u00ea mesmo.<br>Se preferir visitar de forma autom\u00e1tica, basta apertar o play. <strong>Preparamos uma experi\u00eancia incr\u00edvel para voc\u00ea!<\/strong><\/p>\n\n\n<div class=\"wp-block-image eplus-wrapper eplus-styles-uid-2c41fb\"><figure class=\"aligncenter size-large is-resized\"><img decoding=\"async\" src=\"https:\/\/morarmais.com.br\/mms\/wp-content\/uploads\/2022\/10\/2-1024x614.png\" alt=\"\" class=\"wp-image-9726\" width=\"256\" height=\"154\" srcset=\"https:\/\/morarmais.com.br\/mms\/wp-content\/uploads\/2022\/10\/2-1024x614.png 1024w, https:\/\/morarmais.com.br\/mms\/wp-content\/uploads\/2022\/10\/2-300x180.png 300w, https:\/\/morarmais.com.br\/mms\/wp-content\/uploads\/2022\/10\/2-768x461.png 768w, https:\/\/morarmais.com.br\/mms\/wp-content\/uploads\/2022\/10\/2-1536x922.png 1536w, https:\/\/morarmais.com.br\/mms\/wp-content\/uploads\/2022\/10\/2-350x210.png 350w, https:\/\/morarmais.com.br\/mms\/wp-content\/uploads\/2022\/10\/2.png 2000w\" sizes=\"(max-width: 256px) 100vw, 256px\" \/><\/figure><\/div>\n\n\n<iframe width=\"100%\" height=\"480\" src=\"https:\/\/portal.iteleport.com.br\/tour3d\/morar-mais-por-menos-rio-2022\/fullscreen\/?embedded\" frameborder=\"0\" allow=\"vr\" allowfullscreen=\"allowfullscreen\"><\/iframe>\n\n\n<div class=\"is-style-default wp-block-image eplus-wrapper eplus-styles-uid-2c41fb\"><figure class=\"aligncenter size-large\"><img fetchpriority=\"high\" decoding=\"async\" width=\"1024\" height=\"171\" src=\"https:\/\/morarmais.com.br\/mms\/wp-content\/uploads\/2022\/09\/barra-logos-mm-rio-2022-vs24082022-2-3-1024x171.jpg\" alt=\"\" class=\"wp-image-9646\" srcset=\"https:\/\/morarmais.com.br\/mms\/wp-content\/uploads\/2022\/09\/barra-logos-mm-rio-2022-vs24082022-2-3-1024x171.jpg 1024w, https:\/\/morarmais.com.br\/mms\/wp-content\/uploads\/2022\/09\/barra-logos-mm-rio-2022-vs24082022-2-3-300x50.jpg 300w, https:\/\/morarmais.com.br\/mms\/wp-content\/uploads\/2022\/09\/barra-logos-mm-rio-2022-vs24082022-2-3-768x128.jpg 768w, https:\/\/morarmais.com.br\/mms\/wp-content\/uploads\/2022\/09\/barra-logos-mm-rio-2022-vs24082022-2-3-1536x256.jpg 1536w, https:\/\/morarmais.com.br\/mms\/wp-content\/uploads\/2022\/09\/barra-logos-mm-rio-2022-vs24082022-2-3-2048x341.jpg 2048w, https:\/\/morarmais.com.br\/mms\/wp-content\/uploads\/2022\/09\/barra-logos-mm-rio-2022-vs24082022-2-3-350x58.jpg 350w\" sizes=\"(max-width: 1024px) 100vw, 1024px\" \/><\/figure><\/div>\n\n<div style=\"height:40px\" aria-hidden=\"true\" class=\"wp-block-spacer eplus-wrapper eplus-styles-uid-2c41fb\"><\/div>","protected":false},"excerpt":{"rendered":"<p>Seja bem-vindo ao tour virtual do Morar Mais Rio 2022 Para fazer o circuito completo e visitar todos os ambientes, siga o c\u00edrculo branco que aparece no v\u00eddeo. Escolha os \u00e2ngulos que deseja ver mais de perto e navegue voc\u00ea mesmo.Se preferir visitar de forma autom\u00e1tica, basta apertar o play. Preparamos uma experi\u00eancia incr\u00edvel para&hellip;&nbsp;<a href=\"https:\/\/morarmais.com.br\/mms\/tour-virtual-rio-2022\/\" rel=\"bookmark\">Continue a ler &raquo;<span class=\"screen-reader-text\">Tour Virtual Rio 2022<\/span><\/a><\/p>\n","protected":false},"author":1,"featured_media":0,"parent":0,"menu_order":0,"comment_status":"closed","ping_status":"closed","template":"page-templates\/template-pagebuilder-full-width.php","meta":{"_eb_attr":"","editor_plus_copied_stylings":"{}","neve_meta_sidebar":"full-width","neve_meta_container":"","neve_meta_enable_content_width":"on","neve_meta_content_width":100,"neve_meta_title_alignment":"","neve_meta_author_avatar":"","neve_post_elements_order":"","neve_meta_disable_header":"","neve_meta_disable_footer":"","neve_meta_disable_title":"","_themeisle_gutenberg_block_has_review":false,"_vp_format_video_url":"","_vp_image_focal_point":[],"footnotes":""},"class_list":["post-9719","page","type-page","status-publish","hentry"],"yoast_head":"<!-- This site is optimized with the Yoast SEO plugin v25.6 - https:\/\/yoast.com\/wordpress\/plugins\/seo\/ -->\n<title>Tour Virtual Rio 2022 - Morar mais<\/title>\n<meta name=\"robots\" content=\"index, follow, max-snippet:-1, max-image-preview:large, max-video-preview:-1\" \/>\n<link rel=\"canonical\" href=\"https:\/\/morarmais.com.br\/mms\/tour-virtual-rio-2022\/\" \/>\n<meta property=\"og:locale\" content=\"pt_BR\" \/>\n<meta property=\"og:type\" content=\"article\" \/>\n<meta property=\"og:title\" content=\"Tour Virtual Rio 2022 - Morar mais\" \/>\n<meta property=\"og:description\" content=\"Seja bem-vindo ao tour virtual do Morar Mais Rio 2022 Para fazer o circuito completo e visitar todos os ambientes, siga o c\u00edrculo branco que aparece no v\u00eddeo. Escolha os \u00e2ngulos que deseja ver mais de perto e navegue voc\u00ea mesmo.Se preferir visitar de forma autom\u00e1tica, basta apertar o play. Preparamos uma experi\u00eancia incr\u00edvel para&hellip;&nbsp;Continue a ler &raquo;Tour Virtual Rio 2022\" \/>\n<meta property=\"og:url\" content=\"https:\/\/morarmais.com.br\/mms\/tour-virtual-rio-2022\/\" \/>\n<meta property=\"og:site_name\" content=\"Morar mais\" \/>\n<meta property=\"article:publisher\" content=\"https:\/\/www.facebook.com\/morarmais\" \/>\n<meta property=\"article:modified_time\" content=\"2022-10-06T09:02:33+00:00\" \/>\n<meta property=\"og:image\" content=\"https:\/\/morarmais.com.br\/mms\/wp-content\/uploads\/2022\/10\/2-1024x614.png\" \/>\n<meta name=\"twitter:card\" content=\"summary_large_image\" \/>\n<meta name=\"twitter:label1\" content=\"Est. tempo de leitura\" \/>\n\t<meta name=\"twitter:data1\" content=\"1 minuto\" \/>\n<script type=\"application\/ld+json\" class=\"yoast-schema-graph\">{\"@context\":\"https:\/\/schema.org\",\"@graph\":[{\"@type\":\"WebPage\",\"@id\":\"https:\/\/morarmais.com.br\/mms\/tour-virtual-rio-2022\/\",\"url\":\"https:\/\/morarmais.com.br\/mms\/tour-virtual-rio-2022\/\",\"name\":\"Tour Virtual Rio 2022 - Morar mais\",\"isPartOf\":{\"@id\":\"https:\/\/morarmais.com.br\/mms\/#website\"},\"primaryImageOfPage\":{\"@id\":\"https:\/\/morarmais.com.br\/mms\/tour-virtual-rio-2022\/#primaryimage\"},\"image\":{\"@id\":\"https:\/\/morarmais.com.br\/mms\/tour-virtual-rio-2022\/#primaryimage\"},\"thumbnailUrl\":\"https:\/\/morarmais.com.br\/mms\/wp-content\/uploads\/2022\/10\/2-1024x614.png\",\"datePublished\":\"2022-10-05T14:10:03+00:00\",\"dateModified\":\"2022-10-06T09:02:33+00:00\",\"breadcrumb\":{\"@id\":\"https:\/\/morarmais.com.br\/mms\/tour-virtual-rio-2022\/#breadcrumb\"},\"inLanguage\":\"pt-BR\",\"potentialAction\":[{\"@type\":\"ReadAction\",\"target\":[\"https:\/\/morarmais.com.br\/mms\/tour-virtual-rio-2022\/\"]}]},{\"@type\":\"ImageObject\",\"inLanguage\":\"pt-BR\",\"@id\":\"https:\/\/morarmais.com.br\/mms\/tour-virtual-rio-2022\/#primaryimage\",\"url\":\"https:\/\/morarmais.com.br\/mms\/wp-content\/uploads\/2022\/10\/2.png\",\"contentUrl\":\"https:\/\/morarmais.com.br\/mms\/wp-content\/uploads\/2022\/10\/2.png\",\"width\":2000,\"height\":1200},{\"@type\":\"BreadcrumbList\",\"@id\":\"https:\/\/morarmais.com.br\/mms\/tour-virtual-rio-2022\/#breadcrumb\",\"itemListElement\":[{\"@type\":\"ListItem\",\"position\":1,\"name\":\"In\u00edcio\",\"item\":\"https:\/\/morarmais.com.br\/mms\/\"},{\"@type\":\"ListItem\",\"position\":2,\"name\":\"Tour Virtual Rio 2022\"}]},{\"@type\":\"WebSite\",\"@id\":\"https:\/\/morarmais.com.br\/mms\/#website\",\"url\":\"https:\/\/morarmais.com.br\/mms\/\",\"name\":\"Morar mais\",\"description\":\"O Chique que cabe no bolso\",\"publisher\":{\"@id\":\"https:\/\/morarmais.com.br\/mms\/#organization\"},\"potentialAction\":[{\"@type\":\"SearchAction\",\"target\":{\"@type\":\"EntryPoint\",\"urlTemplate\":\"https:\/\/morarmais.com.br\/mms\/?s={search_term_string}\"},\"query-input\":{\"@type\":\"PropertyValueSpecification\",\"valueRequired\":true,\"valueName\":\"search_term_string\"}}],\"inLanguage\":\"pt-BR\"},{\"@type\":\"Organization\",\"@id\":\"https:\/\/morarmais.com.br\/mms\/#organization\",\"name\":\"Morar mais\",\"url\":\"https:\/\/morarmais.com.br\/mms\/\",\"logo\":{\"@type\":\"ImageObject\",\"inLanguage\":\"pt-BR\",\"@id\":\"https:\/\/morarmais.com.br\/mms\/#\/schema\/logo\/image\/\",\"url\":\"https:\/\/morarmais.com.br\/mms\/wp-content\/uploads\/2019\/04\/cropped-logo-morar-mais-2-1-e1688661143585.png\",\"contentUrl\":\"https:\/\/morarmais.com.br\/mms\/wp-content\/uploads\/2019\/04\/cropped-logo-morar-mais-2-1-e1688661143585.png\",\"width\":130,\"height\":100,\"caption\":\"Morar mais\"},\"image\":{\"@id\":\"https:\/\/morarmais.com.br\/mms\/#\/schema\/logo\/image\/\"},\"sameAs\":[\"https:\/\/www.facebook.com\/morarmais\",\"https:\/\/www.instagram.com\/morarmaispormenos\",\"https:\/\/br.pinterest.com\/morarmais\/\"]}]}<\/script>\n<!-- \/ Yoast SEO plugin. -->","yoast_head_json":{"title":"Tour Virtual Rio 2022 - Morar mais","robots":{"index":"index","follow":"follow","max-snippet":"max-snippet:-1","max-image-preview":"max-image-preview:large","max-video-preview":"max-video-preview:-1"},"canonical":"https:\/\/morarmais.com.br\/mms\/tour-virtual-rio-2022\/","og_locale":"pt_BR","og_type":"article","og_title":"Tour Virtual Rio 2022 - Morar mais","og_description":"Seja bem-vindo ao tour virtual do Morar Mais Rio 2022 Para fazer o circuito completo e visitar todos os ambientes, siga o c\u00edrculo branco que aparece no v\u00eddeo. Escolha os \u00e2ngulos que deseja ver mais de perto e navegue voc\u00ea mesmo.Se preferir visitar de forma autom\u00e1tica, basta apertar o play. Preparamos uma experi\u00eancia incr\u00edvel para&hellip;&nbsp;Continue a ler &raquo;Tour Virtual Rio 2022","og_url":"https:\/\/morarmais.com.br\/mms\/tour-virtual-rio-2022\/","og_site_name":"Morar mais","article_publisher":"https:\/\/www.facebook.com\/morarmais","article_modified_time":"2022-10-06T09:02:33+00:00","og_image":[{"url":"https:\/\/morarmais.com.br\/mms\/wp-content\/uploads\/2022\/10\/2-1024x614.png","type":"","width":"","height":""}],"twitter_card":"summary_large_image","twitter_misc":{"Est. tempo de leitura":"1 minuto"},"schema":{"@context":"https:\/\/schema.org","@graph":[{"@type":"WebPage","@id":"https:\/\/morarmais.com.br\/mms\/tour-virtual-rio-2022\/","url":"https:\/\/morarmais.com.br\/mms\/tour-virtual-rio-2022\/","name":"Tour Virtual Rio 2022 - Morar mais","isPartOf":{"@id":"https:\/\/morarmais.com.br\/mms\/#website"},"primaryImageOfPage":{"@id":"https:\/\/morarmais.com.br\/mms\/tour-virtual-rio-2022\/#primaryimage"},"image":{"@id":"https:\/\/morarmais.com.br\/mms\/tour-virtual-rio-2022\/#primaryimage"},"thumbnailUrl":"https:\/\/morarmais.com.br\/mms\/wp-content\/uploads\/2022\/10\/2-1024x614.png","datePublished":"2022-10-05T14:10:03+00:00","dateModified":"2022-10-06T09:02:33+00:00","breadcrumb":{"@id":"https:\/\/morarmais.com.br\/mms\/tour-virtual-rio-2022\/#breadcrumb"},"inLanguage":"pt-BR","potentialAction":[{"@type":"ReadAction","target":["https:\/\/morarmais.com.br\/mms\/tour-virtual-rio-2022\/"]}]},{"@type":"ImageObject","inLanguage":"pt-BR","@id":"https:\/\/morarmais.com.br\/mms\/tour-virtual-rio-2022\/#primaryimage","url":"https:\/\/morarmais.com.br\/mms\/wp-content\/uploads\/2022\/10\/2.png","contentUrl":"https:\/\/morarmais.com.br\/mms\/wp-content\/uploads\/2022\/10\/2.png","width":2000,"height":1200},{"@type":"BreadcrumbList","@id":"https:\/\/morarmais.com.br\/mms\/tour-virtual-rio-2022\/#breadcrumb","itemListElement":[{"@type":"ListItem","position":1,"name":"In\u00edcio","item":"https:\/\/morarmais.com.br\/mms\/"},{"@type":"ListItem","position":2,"name":"Tour Virtual Rio 2022"}]},{"@type":"WebSite","@id":"https:\/\/morarmais.com.br\/mms\/#website","url":"https:\/\/morarmais.com.br\/mms\/","name":"Morar mais","description":"O Chique que cabe no bolso","publisher":{"@id":"https:\/\/morarmais.com.br\/mms\/#organization"},"potentialAction":[{"@type":"SearchAction","target":{"@type":"EntryPoint","urlTemplate":"https:\/\/morarmais.com.br\/mms\/?s={search_term_string}"},"query-input":{"@type":"PropertyValueSpecification","valueRequired":true,"valueName":"search_term_string"}}],"inLanguage":"pt-BR"},{"@type":"Organization","@id":"https:\/\/morarmais.com.br\/mms\/#organization","name":"Morar mais","url":"https:\/\/morarmais.com.br\/mms\/","logo":{"@type":"ImageObject","inLanguage":"pt-BR","@id":"https:\/\/morarmais.com.br\/mms\/#\/schema\/logo\/image\/","url":"https:\/\/morarmais.com.br\/mms\/wp-content\/uploads\/2019\/04\/cropped-logo-morar-mais-2-1-e1688661143585.png","contentUrl":"https:\/\/morarmais.com.br\/mms\/wp-content\/uploads\/2019\/04\/cropped-logo-morar-mais-2-1-e1688661143585.png","width":130,"height":100,"caption":"Morar mais"},"image":{"@id":"https:\/\/morarmais.com.br\/mms\/#\/schema\/logo\/image\/"},"sameAs":["https:\/\/www.facebook.com\/morarmais","https:\/\/www.instagram.com\/morarmaispormenos","https:\/\/br.pinterest.com\/morarmais\/"]}]}},"_links":{"self":[{"href":"https:\/\/morarmais.com.br\/mms\/wp-json\/wp\/v2\/pages\/9719"}],"collection":[{"href":"https:\/\/morarmais.com.br\/mms\/wp-json\/wp\/v2\/pages"}],"about":[{"href":"https:\/\/morarmais.com.br\/mms\/wp-json\/wp\/v2\/types\/page"}],"author":[{"embeddable":true,"href":"https:\/\/morarmais.com.br\/mms\/wp-json\/wp\/v2\/users\/1"}],"replies":[{"embeddable":true,"href":"https:\/\/morarmais.com.br\/mms\/wp-json\/wp\/v2\/comments?post=9719"}],"version-history":[{"count":0,"href":"https:\/\/morarmais.com.br\/mms\/wp-json\/wp\/v2\/pages\/9719\/revisions"}],"wp:attachment":[{"href":"https:\/\/morarmais.com.br\/mms\/wp-json\/wp\/v2\/media?parent=9719"}],"curies":[{"name":"wp","href":"https:\/\/api.w.org\/{rel}","templated":true}]}}