{"id":14303,"date":"2024-07-02T23:34:24","date_gmt":"2024-07-02T23:34:24","guid":{"rendered":"https:\/\/morarmais.com.br\/mms\/?page_id=14303"},"modified":"2024-07-03T14:30:57","modified_gmt":"2024-07-03T14:30:57","slug":"morarmais-homepage","status":"publish","type":"page","link":"https:\/\/morarmais.com.br\/mms\/morarmais-homepage\/","title":{"rendered":"Morarmais homepage"},"content":{"rendered":"<p class=\" eplus-wrapper\">Quando pensamos em decora\u00e7\u00e3o e design de interiores, \u00e9 comum darmos grande aten\u00e7\u00e3o a m\u00f3veis, objetos decorativos e acabamentos. Por\u00e9m, existe um elemento que tem o poder de transformar completamente qualquer ambiente: <strong>as cores<\/strong>. Seja em espa\u00e7os residenciais ou &hellip;<\/p>","protected":false},"excerpt":{"rendered":"<p class=\" eplus-wrapper\">Quando pensamos em decora\u00e7\u00e3o e design de interiores, \u00e9 comum darmos grande aten\u00e7\u00e3o a m\u00f3veis, objetos decorativos e acabamentos. Por\u00e9m, existe um elemento que tem o poder de transformar completamente qualquer ambiente: <strong>as cores<\/strong>. Seja em espa\u00e7os residenciais ou &hellip;<\/p>","protected":false},"author":1,"featured_media":0,"parent":0,"menu_order":0,"comment_status":"closed","ping_status":"closed","template":"page-templates\/template-pagebuilder-full-width.php","meta":{"_eb_attr":"","editor_plus_copied_stylings":"{}","neve_meta_sidebar":"","neve_meta_container":"","neve_meta_enable_content_width":"","neve_meta_content_width":0,"neve_meta_title_alignment":"","neve_meta_author_avatar":"","neve_post_elements_order":"","neve_meta_disable_header":"","neve_meta_disable_footer":"","neve_meta_disable_title":"","_themeisle_gutenberg_block_has_review":false,"_vp_format_video_url":"","_vp_image_focal_point":[],"footnotes":""},"class_list":["post-14303","page","type-page","status-publish","hentry"],"yoast_head":"<!-- This site is optimized with the Yoast SEO plugin v25.6 - https:\/\/yoast.com\/wordpress\/plugins\/seo\/ -->\n<title>Morarmais homepage - Morar mais<\/title>\n<meta name=\"robots\" content=\"index, follow, max-snippet:-1, max-image-preview:large, max-video-preview:-1\" \/>\n<link rel=\"canonical\" href=\"https:\/\/morarmais.com.br\/mms\/morarmais-homepage\/\" \/>\n<meta property=\"og:locale\" content=\"pt_BR\" \/>\n<meta property=\"og:type\" content=\"article\" \/>\n<meta property=\"og:title\" content=\"Morarmais homepage - Morar mais\" \/>\n<meta property=\"og:description\" content=\"Quando pensamos em decora\u00e7\u00e3o e design de interiores, \u00e9 comum darmos grande aten\u00e7\u00e3o a m\u00f3veis, objetos decorativos e acabamentos. Por\u00e9m, existe um elemento que tem o poder de transformar completamente qualquer ambiente: as cores. Seja em espa\u00e7os residenciais ou &hellip;\" \/>\n<meta property=\"og:url\" content=\"https:\/\/morarmais.com.br\/mms\/morarmais-homepage\/\" \/>\n<meta property=\"og:site_name\" content=\"Morar mais\" \/>\n<meta property=\"article:publisher\" content=\"https:\/\/www.facebook.com\/morarmais\" \/>\n<meta property=\"article:modified_time\" content=\"2024-07-03T14:30:57+00:00\" \/>\n<meta property=\"og:image\" content=\"https:\/\/morarmais.com.br\/mms\/wp-content\/uploads\/2024\/06\/banner-morar-mais-2024.webp\" \/>\n<meta name=\"twitter:card\" content=\"summary_large_image\" \/>\n<meta name=\"twitter:label1\" content=\"Est. tempo de leitura\" \/>\n\t<meta name=\"twitter:data1\" content=\"7 minutos\" \/>\n<script type=\"application\/ld+json\" class=\"yoast-schema-graph\">{\"@context\":\"https:\/\/schema.org\",\"@graph\":[{\"@type\":\"WebPage\",\"@id\":\"https:\/\/morarmais.com.br\/mms\/morarmais-homepage\/\",\"url\":\"https:\/\/morarmais.com.br\/mms\/morarmais-homepage\/\",\"name\":\"Morarmais homepage - Morar mais\",\"isPartOf\":{\"@id\":\"https:\/\/morarmais.com.br\/mms\/#website\"},\"primaryImageOfPage\":{\"@id\":\"https:\/\/morarmais.com.br\/mms\/morarmais-homepage\/#primaryimage\"},\"image\":{\"@id\":\"https:\/\/morarmais.com.br\/mms\/morarmais-homepage\/#primaryimage\"},\"thumbnailUrl\":\"https:\/\/morarmais.com.br\/mms\/wp-content\/uploads\/2024\/06\/banner-morar-mais-2024.webp\",\"datePublished\":\"2024-07-02T23:34:24+00:00\",\"dateModified\":\"2024-07-03T14:30:57+00:00\",\"breadcrumb\":{\"@id\":\"https:\/\/morarmais.com.br\/mms\/morarmais-homepage\/#breadcrumb\"},\"inLanguage\":\"pt-BR\",\"potentialAction\":[{\"@type\":\"ReadAction\",\"target\":[\"https:\/\/morarmais.com.br\/mms\/morarmais-homepage\/\"]}]},{\"@type\":\"ImageObject\",\"inLanguage\":\"pt-BR\",\"@id\":\"https:\/\/morarmais.com.br\/mms\/morarmais-homepage\/#primaryimage\",\"url\":\"https:\/\/morarmais.com.br\/mms\/wp-content\/uploads\/2024\/06\/banner-morar-mais-2024.webp\",\"contentUrl\":\"https:\/\/morarmais.com.br\/mms\/wp-content\/uploads\/2024\/06\/banner-morar-mais-2024.webp\",\"width\":1920,\"height\":1080},{\"@type\":\"BreadcrumbList\",\"@id\":\"https:\/\/morarmais.com.br\/mms\/morarmais-homepage\/#breadcrumb\",\"itemListElement\":[{\"@type\":\"ListItem\",\"position\":1,\"name\":\"In\u00edcio\",\"item\":\"https:\/\/morarmais.com.br\/mms\/\"},{\"@type\":\"ListItem\",\"position\":2,\"name\":\"Morarmais homepage\"}]},{\"@type\":\"WebSite\",\"@id\":\"https:\/\/morarmais.com.br\/mms\/#website\",\"url\":\"https:\/\/morarmais.com.br\/mms\/\",\"name\":\"Morar mais\",\"description\":\"O Chique que cabe no bolso\",\"publisher\":{\"@id\":\"https:\/\/morarmais.com.br\/mms\/#organization\"},\"potentialAction\":[{\"@type\":\"SearchAction\",\"target\":{\"@type\":\"EntryPoint\",\"urlTemplate\":\"https:\/\/morarmais.com.br\/mms\/?s={search_term_string}\"},\"query-input\":{\"@type\":\"PropertyValueSpecification\",\"valueRequired\":true,\"valueName\":\"search_term_string\"}}],\"inLanguage\":\"pt-BR\"},{\"@type\":\"Organization\",\"@id\":\"https:\/\/morarmais.com.br\/mms\/#organization\",\"name\":\"Morar mais\",\"url\":\"https:\/\/morarmais.com.br\/mms\/\",\"logo\":{\"@type\":\"ImageObject\",\"inLanguage\":\"pt-BR\",\"@id\":\"https:\/\/morarmais.com.br\/mms\/#\/schema\/logo\/image\/\",\"url\":\"https:\/\/morarmais.com.br\/mms\/wp-content\/uploads\/2019\/04\/cropped-logo-morar-mais-2-1-e1688661143585.png\",\"contentUrl\":\"https:\/\/morarmais.com.br\/mms\/wp-content\/uploads\/2019\/04\/cropped-logo-morar-mais-2-1-e1688661143585.png\",\"width\":130,\"height\":100,\"caption\":\"Morar mais\"},\"image\":{\"@id\":\"https:\/\/morarmais.com.br\/mms\/#\/schema\/logo\/image\/\"},\"sameAs\":[\"https:\/\/www.facebook.com\/morarmais\",\"https:\/\/www.instagram.com\/morarmaispormenos\",\"https:\/\/br.pinterest.com\/morarmais\/\"]}]}<\/script>\n<!-- \/ Yoast SEO plugin. -->","yoast_head_json":{"title":"Morarmais homepage - Morar mais","robots":{"index":"index","follow":"follow","max-snippet":"max-snippet:-1","max-image-preview":"max-image-preview:large","max-video-preview":"max-video-preview:-1"},"canonical":"https:\/\/morarmais.com.br\/mms\/morarmais-homepage\/","og_locale":"pt_BR","og_type":"article","og_title":"Morarmais homepage - Morar mais","og_description":"Quando pensamos em decora\u00e7\u00e3o e design de interiores, \u00e9 comum darmos grande aten\u00e7\u00e3o a m\u00f3veis, objetos decorativos e acabamentos. Por\u00e9m, existe um elemento que tem o poder de transformar completamente qualquer ambiente: as cores. Seja em espa\u00e7os residenciais ou &hellip;","og_url":"https:\/\/morarmais.com.br\/mms\/morarmais-homepage\/","og_site_name":"Morar mais","article_publisher":"https:\/\/www.facebook.com\/morarmais","article_modified_time":"2024-07-03T14:30:57+00:00","og_image":[{"url":"https:\/\/morarmais.com.br\/mms\/wp-content\/uploads\/2024\/06\/banner-morar-mais-2024.webp","type":"","width":"","height":""}],"twitter_card":"summary_large_image","twitter_misc":{"Est. tempo de leitura":"7 minutos"},"schema":{"@context":"https:\/\/schema.org","@graph":[{"@type":"WebPage","@id":"https:\/\/morarmais.com.br\/mms\/morarmais-homepage\/","url":"https:\/\/morarmais.com.br\/mms\/morarmais-homepage\/","name":"Morarmais homepage - Morar mais","isPartOf":{"@id":"https:\/\/morarmais.com.br\/mms\/#website"},"primaryImageOfPage":{"@id":"https:\/\/morarmais.com.br\/mms\/morarmais-homepage\/#primaryimage"},"image":{"@id":"https:\/\/morarmais.com.br\/mms\/morarmais-homepage\/#primaryimage"},"thumbnailUrl":"https:\/\/morarmais.com.br\/mms\/wp-content\/uploads\/2024\/06\/banner-morar-mais-2024.webp","datePublished":"2024-07-02T23:34:24+00:00","dateModified":"2024-07-03T14:30:57+00:00","breadcrumb":{"@id":"https:\/\/morarmais.com.br\/mms\/morarmais-homepage\/#breadcrumb"},"inLanguage":"pt-BR","potentialAction":[{"@type":"ReadAction","target":["https:\/\/morarmais.com.br\/mms\/morarmais-homepage\/"]}]},{"@type":"ImageObject","inLanguage":"pt-BR","@id":"https:\/\/morarmais.com.br\/mms\/morarmais-homepage\/#primaryimage","url":"https:\/\/morarmais.com.br\/mms\/wp-content\/uploads\/2024\/06\/banner-morar-mais-2024.webp","contentUrl":"https:\/\/morarmais.com.br\/mms\/wp-content\/uploads\/2024\/06\/banner-morar-mais-2024.webp","width":1920,"height":1080},{"@type":"BreadcrumbList","@id":"https:\/\/morarmais.com.br\/mms\/morarmais-homepage\/#breadcrumb","itemListElement":[{"@type":"ListItem","position":1,"name":"In\u00edcio","item":"https:\/\/morarmais.com.br\/mms\/"},{"@type":"ListItem","position":2,"name":"Morarmais homepage"}]},{"@type":"WebSite","@id":"https:\/\/morarmais.com.br\/mms\/#website","url":"https:\/\/morarmais.com.br\/mms\/","name":"Morar mais","description":"O Chique que cabe no bolso","publisher":{"@id":"https:\/\/morarmais.com.br\/mms\/#organization"},"potentialAction":[{"@type":"SearchAction","target":{"@type":"EntryPoint","urlTemplate":"https:\/\/morarmais.com.br\/mms\/?s={search_term_string}"},"query-input":{"@type":"PropertyValueSpecification","valueRequired":true,"valueName":"search_term_string"}}],"inLanguage":"pt-BR"},{"@type":"Organization","@id":"https:\/\/morarmais.com.br\/mms\/#organization","name":"Morar mais","url":"https:\/\/morarmais.com.br\/mms\/","logo":{"@type":"ImageObject","inLanguage":"pt-BR","@id":"https:\/\/morarmais.com.br\/mms\/#\/schema\/logo\/image\/","url":"https:\/\/morarmais.com.br\/mms\/wp-content\/uploads\/2019\/04\/cropped-logo-morar-mais-2-1-e1688661143585.png","contentUrl":"https:\/\/morarmais.com.br\/mms\/wp-content\/uploads\/2019\/04\/cropped-logo-morar-mais-2-1-e1688661143585.png","width":130,"height":100,"caption":"Morar mais"},"image":{"@id":"https:\/\/morarmais.com.br\/mms\/#\/schema\/logo\/image\/"},"sameAs":["https:\/\/www.facebook.com\/morarmais","https:\/\/www.instagram.com\/morarmaispormenos","https:\/\/br.pinterest.com\/morarmais\/"]}]}},"_links":{"self":[{"href":"https:\/\/morarmais.com.br\/mms\/wp-json\/wp\/v2\/pages\/14303"}],"collection":[{"href":"https:\/\/morarmais.com.br\/mms\/wp-json\/wp\/v2\/pages"}],"about":[{"href":"https:\/\/morarmais.com.br\/mms\/wp-json\/wp\/v2\/types\/page"}],"author":[{"embeddable":true,"href":"https:\/\/morarmais.com.br\/mms\/wp-json\/wp\/v2\/users\/1"}],"replies":[{"embeddable":true,"href":"https:\/\/morarmais.com.br\/mms\/wp-json\/wp\/v2\/comments?post=14303"}],"version-history":[{"count":26,"href":"https:\/\/morarmais.com.br\/mms\/wp-json\/wp\/v2\/pages\/14303\/revisions"}],"predecessor-version":[{"id":15662,"href":"https:\/\/morarmais.com.br\/mms\/wp-json\/wp\/v2\/pages\/14303\/revisions\/15662"}],"wp:attachment":[{"href":"https:\/\/morarmais.com.br\/mms\/wp-json\/wp\/v2\/media?parent=14303"}],"curies":[{"name":"wp","href":"https:\/\/api.w.org\/{rel}","templated":true}]}}