{"id":11653,"date":"2023-12-23T00:24:09","date_gmt":"2023-12-23T00:24:09","guid":{"rendered":"https:\/\/morarmais.com.br\/mms\/?page_id=11653"},"modified":"2025-11-27T00:13:45","modified_gmt":"2025-11-27T00:13:45","slug":"ambientes-e-profissionais-2023","status":"publish","type":"page","link":"https:\/\/morarmais.com.br\/mms\/ambientes-e-profissionais-2023\/","title":{"rendered":"Ambientes e profissionais 2023"},"content":{"rendered":"<div class=\" wp-block-columns alignwide are-vertically-aligned-top eplus-wrapper is-layout-flex wp-container-core-columns-is-layout-1 wp-block-columns-is-layout-flex eplus-styles-uid-fbb06b\"><div class=\" wp-block-column is-vertically-aligned-top eplus-wrapper is-layout-flow wp-block-column-is-layout-flow eplus-styles-uid-65f3fa\" style=\"flex-basis:100%\"><h2 class=\" wp-block-heading alignfull eplus-wrapper eplus-styles-uid-e287e2\">32 &#8211; REF\u00daGIO<\/h2><\/div><\/div>\n\n<div class=\"ep-custom-column wp-block-columns alignwide are-vertically-aligned-top eplus-wrapper is-layout-flex wp-container-core-columns-is-layout-3 wp-block-columns-is-layout-flex eplus-styles-uid-235c1a\">\n<div class=\" wp-block-column is-vertically-aligned-top eplus-wrapper is-layout-flow wp-block-column-is-layout-flow\" style=\"flex-basis:50%\"><div class=\" wp-block-columns eplus-wrapper is-layout-flex wp-container-core-columns-is-layout-2 wp-block-columns-is-layout-flex eplus-styles-uid-2d0e5a\"><div class=\" wp-block-column is-vertically-aligned-center eplus-wrapper is-layout-flow wp-block-column-is-layout-flow eplus-styles-uid-2d7c78\" style=\"flex-basis:100%\"><p class=\" eplus-wrapper eplus-styles-uid-1d7fdf\"><strong>Greice Kelle Aguiar<\/strong><br \/>37 99962 4252<br \/><a href=\"mailto:contatogreicekellearquitetura@gmail.com\" target=\"_blank\" rel=\"noreferrer noopener\">contatogreicekellearquitetura@gmail.com<\/a><br \/><a href=\"https:\/\/www.instagram.com\/greicekelle.arq\">@greicekelle.arq<\/a><\/p>\n\n<p class=\" eplus-wrapper eplus-styles-uid-1d7fdf\"><strong>Ana Fl\u00e1via Silva<\/strong><br \/>37 98404 4937<br \/><a href=\"mailto:contatosilvaarquitetura@gmail.com\" target=\"_blank\" rel=\"noreferrer noopener\">contatosilvaarquitetura@gmail.com<\/a><br \/><a href=\"https:\/\/www.instagram.com\/afstudio.arq\">@afstudio.arq<\/a><\/p><\/div><\/div>\n\n\n<p class=\" eplus-wrapper\">Espa\u00e7o de conforto em uma conex\u00e3o entre o improv\u00e1vel, o encantado e \u201cas\u201d mem\u00f3rias, conviv\u00eancia e intera\u00e7\u00e3o. As cores em tons <\/p><\/div><\/div>&hellip;","protected":false},"excerpt":{"rendered":"<div class=\" wp-block-columns alignwide are-vertically-aligned-top eplus-wrapper is-layout-flex wp-container-core-columns-is-layout-4 wp-block-columns-is-layout-flex eplus-styles-uid-fbb06b\"><div class=\" wp-block-column is-vertically-aligned-top eplus-wrapper is-layout-flow wp-block-column-is-layout-flow eplus-styles-uid-65f3fa\" style=\"flex-basis:100%\"><h2 class=\" wp-block-heading alignfull eplus-wrapper eplus-styles-uid-e287e2\">32 &#8211; REF\u00daGIO<\/h2><\/div><\/div>\n\n<div class=\"ep-custom-column wp-block-columns alignwide are-vertically-aligned-top eplus-wrapper is-layout-flex wp-container-core-columns-is-layout-6 wp-block-columns-is-layout-flex eplus-styles-uid-235c1a\">\n<div class=\" wp-block-column is-vertically-aligned-top eplus-wrapper is-layout-flow wp-block-column-is-layout-flow\" style=\"flex-basis:50%\"><div class=\" wp-block-columns eplus-wrapper is-layout-flex wp-container-core-columns-is-layout-5 wp-block-columns-is-layout-flex eplus-styles-uid-2d0e5a\"><div class=\" wp-block-column is-vertically-aligned-center eplus-wrapper is-layout-flow wp-block-column-is-layout-flow eplus-styles-uid-2d7c78\" style=\"flex-basis:100%\"><p class=\" eplus-wrapper eplus-styles-uid-1d7fdf\"><strong>Greice Kelle Aguiar<\/strong><br \/>37 99962 4252<br \/><a href=\"mailto:contatogreicekellearquitetura@gmail.com\" target=\"_blank\" rel=\"noreferrer noopener\">contatogreicekellearquitetura@gmail.com<\/a><br \/><a href=\"https:\/\/www.instagram.com\/greicekelle.arq\">@greicekelle.arq<\/a><\/p>\n\n<p class=\" eplus-wrapper eplus-styles-uid-1d7fdf\"><strong>Ana Fl\u00e1via Silva<\/strong><br \/>37 98404 4937<br \/><a href=\"mailto:contatosilvaarquitetura@gmail.com\" target=\"_blank\" rel=\"noreferrer noopener\">contatosilvaarquitetura@gmail.com<\/a><br \/><a href=\"https:\/\/www.instagram.com\/afstudio.arq\">@afstudio.arq<\/a><\/p><\/div><\/div>\n\n\n<p class=\" eplus-wrapper\">Espa\u00e7o de conforto em uma conex\u00e3o entre o improv\u00e1vel, o encantado e \u201cas\u201d mem\u00f3rias, conviv\u00eancia e intera\u00e7\u00e3o. As cores em tons <\/p><\/div><\/div>&hellip;","protected":false},"author":1,"featured_media":0,"parent":0,"menu_order":0,"comment_status":"closed","ping_status":"closed","template":"","meta":{"_eb_attr":"","editor_plus_copied_stylings":"{}","neve_meta_sidebar":"full-width","neve_meta_container":"","neve_meta_enable_content_width":"on","neve_meta_content_width":100,"neve_meta_title_alignment":"","neve_meta_author_avatar":"","neve_post_elements_order":"","neve_meta_disable_header":"","neve_meta_disable_footer":"","neve_meta_disable_title":"","_themeisle_gutenberg_block_has_review":false,"_vp_format_video_url":"","_vp_image_focal_point":[],"footnotes":""},"class_list":["post-11653","page","type-page","status-publish","hentry"],"yoast_head":"<!-- This site is optimized with the Yoast SEO plugin v25.6 - https:\/\/yoast.com\/wordpress\/plugins\/seo\/ -->\n<title>Ambientes e profissionais 2023 - Morar mais<\/title>\n<meta name=\"robots\" content=\"index, follow, max-snippet:-1, max-image-preview:large, max-video-preview:-1\" \/>\n<link rel=\"canonical\" href=\"https:\/\/morarmais.com.br\/mms\/ambientes-e-profissionais-2023\/\" \/>\n<meta property=\"og:locale\" content=\"pt_BR\" \/>\n<meta property=\"og:type\" content=\"article\" \/>\n<meta property=\"og:title\" content=\"Ambientes e profissionais 2023 - Morar mais\" \/>\n<meta property=\"og:description\" content=\"32 &#8211; REF\u00daGIO  Greice Kelle Aguiar37 99962 4252contatogreicekellearquitetura@gmail.com@greicekelle.arq Ana Fl\u00e1via Silva37 98404 4937contatosilvaarquitetura@gmail.com@afstudio.arq  Espa\u00e7o de conforto em uma conex\u00e3o entre o improv\u00e1vel, o encantado e \u201cas\u201d mem\u00f3rias, conviv\u00eancia e intera\u00e7\u00e3o. As cores em tons &hellip;\" \/>\n<meta property=\"og:url\" content=\"https:\/\/morarmais.com.br\/mms\/ambientes-e-profissionais-2023\/\" \/>\n<meta property=\"og:site_name\" content=\"Morar mais\" \/>\n<meta property=\"article:publisher\" content=\"https:\/\/www.facebook.com\/morarmais\" \/>\n<meta property=\"article:modified_time\" content=\"2025-11-27T00:13:45+00:00\" \/>\n<meta name=\"twitter:card\" content=\"summary_large_image\" \/>\n<script type=\"application\/ld+json\" class=\"yoast-schema-graph\">{\"@context\":\"https:\/\/schema.org\",\"@graph\":[{\"@type\":\"WebPage\",\"@id\":\"https:\/\/morarmais.com.br\/mms\/ambientes-e-profissionais-2023\/\",\"url\":\"https:\/\/morarmais.com.br\/mms\/ambientes-e-profissionais-2023\/\",\"name\":\"Ambientes e profissionais 2023 - Morar mais\",\"isPartOf\":{\"@id\":\"https:\/\/morarmais.com.br\/mms\/#website\"},\"datePublished\":\"2023-12-23T00:24:09+00:00\",\"dateModified\":\"2025-11-27T00:13:45+00:00\",\"breadcrumb\":{\"@id\":\"https:\/\/morarmais.com.br\/mms\/ambientes-e-profissionais-2023\/#breadcrumb\"},\"inLanguage\":\"pt-BR\",\"potentialAction\":[{\"@type\":\"ReadAction\",\"target\":[\"https:\/\/morarmais.com.br\/mms\/ambientes-e-profissionais-2023\/\"]}]},{\"@type\":\"BreadcrumbList\",\"@id\":\"https:\/\/morarmais.com.br\/mms\/ambientes-e-profissionais-2023\/#breadcrumb\",\"itemListElement\":[{\"@type\":\"ListItem\",\"position\":1,\"name\":\"In\u00edcio\",\"item\":\"https:\/\/morarmais.com.br\/mms\/\"},{\"@type\":\"ListItem\",\"position\":2,\"name\":\"Ambientes e profissionais 2023\"}]},{\"@type\":\"WebSite\",\"@id\":\"https:\/\/morarmais.com.br\/mms\/#website\",\"url\":\"https:\/\/morarmais.com.br\/mms\/\",\"name\":\"Morar mais\",\"description\":\"O Chique que cabe no bolso\",\"publisher\":{\"@id\":\"https:\/\/morarmais.com.br\/mms\/#organization\"},\"potentialAction\":[{\"@type\":\"SearchAction\",\"target\":{\"@type\":\"EntryPoint\",\"urlTemplate\":\"https:\/\/morarmais.com.br\/mms\/?s={search_term_string}\"},\"query-input\":{\"@type\":\"PropertyValueSpecification\",\"valueRequired\":true,\"valueName\":\"search_term_string\"}}],\"inLanguage\":\"pt-BR\"},{\"@type\":\"Organization\",\"@id\":\"https:\/\/morarmais.com.br\/mms\/#organization\",\"name\":\"Morar mais\",\"url\":\"https:\/\/morarmais.com.br\/mms\/\",\"logo\":{\"@type\":\"ImageObject\",\"inLanguage\":\"pt-BR\",\"@id\":\"https:\/\/morarmais.com.br\/mms\/#\/schema\/logo\/image\/\",\"url\":\"https:\/\/morarmais.com.br\/mms\/wp-content\/uploads\/2019\/04\/cropped-logo-morar-mais-2-1-e1688661143585.png\",\"contentUrl\":\"https:\/\/morarmais.com.br\/mms\/wp-content\/uploads\/2019\/04\/cropped-logo-morar-mais-2-1-e1688661143585.png\",\"width\":130,\"height\":100,\"caption\":\"Morar mais\"},\"image\":{\"@id\":\"https:\/\/morarmais.com.br\/mms\/#\/schema\/logo\/image\/\"},\"sameAs\":[\"https:\/\/www.facebook.com\/morarmais\",\"https:\/\/www.instagram.com\/morarmaispormenos\",\"https:\/\/br.pinterest.com\/morarmais\/\"]}]}<\/script>\n<!-- \/ Yoast SEO plugin. -->","yoast_head_json":{"title":"Ambientes e profissionais 2023 - Morar mais","robots":{"index":"index","follow":"follow","max-snippet":"max-snippet:-1","max-image-preview":"max-image-preview:large","max-video-preview":"max-video-preview:-1"},"canonical":"https:\/\/morarmais.com.br\/mms\/ambientes-e-profissionais-2023\/","og_locale":"pt_BR","og_type":"article","og_title":"Ambientes e profissionais 2023 - Morar mais","og_description":"32 &#8211; REF\u00daGIO  Greice Kelle Aguiar37 99962 4252contatogreicekellearquitetura@gmail.com@greicekelle.arq Ana Fl\u00e1via Silva37 98404 4937contatosilvaarquitetura@gmail.com@afstudio.arq  Espa\u00e7o de conforto em uma conex\u00e3o entre o improv\u00e1vel, o encantado e \u201cas\u201d mem\u00f3rias, conviv\u00eancia e intera\u00e7\u00e3o. As cores em tons &hellip;","og_url":"https:\/\/morarmais.com.br\/mms\/ambientes-e-profissionais-2023\/","og_site_name":"Morar mais","article_publisher":"https:\/\/www.facebook.com\/morarmais","article_modified_time":"2025-11-27T00:13:45+00:00","twitter_card":"summary_large_image","schema":{"@context":"https:\/\/schema.org","@graph":[{"@type":"WebPage","@id":"https:\/\/morarmais.com.br\/mms\/ambientes-e-profissionais-2023\/","url":"https:\/\/morarmais.com.br\/mms\/ambientes-e-profissionais-2023\/","name":"Ambientes e profissionais 2023 - Morar mais","isPartOf":{"@id":"https:\/\/morarmais.com.br\/mms\/#website"},"datePublished":"2023-12-23T00:24:09+00:00","dateModified":"2025-11-27T00:13:45+00:00","breadcrumb":{"@id":"https:\/\/morarmais.com.br\/mms\/ambientes-e-profissionais-2023\/#breadcrumb"},"inLanguage":"pt-BR","potentialAction":[{"@type":"ReadAction","target":["https:\/\/morarmais.com.br\/mms\/ambientes-e-profissionais-2023\/"]}]},{"@type":"BreadcrumbList","@id":"https:\/\/morarmais.com.br\/mms\/ambientes-e-profissionais-2023\/#breadcrumb","itemListElement":[{"@type":"ListItem","position":1,"name":"In\u00edcio","item":"https:\/\/morarmais.com.br\/mms\/"},{"@type":"ListItem","position":2,"name":"Ambientes e profissionais 2023"}]},{"@type":"WebSite","@id":"https:\/\/morarmais.com.br\/mms\/#website","url":"https:\/\/morarmais.com.br\/mms\/","name":"Morar mais","description":"O Chique que cabe no bolso","publisher":{"@id":"https:\/\/morarmais.com.br\/mms\/#organization"},"potentialAction":[{"@type":"SearchAction","target":{"@type":"EntryPoint","urlTemplate":"https:\/\/morarmais.com.br\/mms\/?s={search_term_string}"},"query-input":{"@type":"PropertyValueSpecification","valueRequired":true,"valueName":"search_term_string"}}],"inLanguage":"pt-BR"},{"@type":"Organization","@id":"https:\/\/morarmais.com.br\/mms\/#organization","name":"Morar mais","url":"https:\/\/morarmais.com.br\/mms\/","logo":{"@type":"ImageObject","inLanguage":"pt-BR","@id":"https:\/\/morarmais.com.br\/mms\/#\/schema\/logo\/image\/","url":"https:\/\/morarmais.com.br\/mms\/wp-content\/uploads\/2019\/04\/cropped-logo-morar-mais-2-1-e1688661143585.png","contentUrl":"https:\/\/morarmais.com.br\/mms\/wp-content\/uploads\/2019\/04\/cropped-logo-morar-mais-2-1-e1688661143585.png","width":130,"height":100,"caption":"Morar mais"},"image":{"@id":"https:\/\/morarmais.com.br\/mms\/#\/schema\/logo\/image\/"},"sameAs":["https:\/\/www.facebook.com\/morarmais","https:\/\/www.instagram.com\/morarmaispormenos","https:\/\/br.pinterest.com\/morarmais\/"]}]}},"_links":{"self":[{"href":"https:\/\/morarmais.com.br\/mms\/wp-json\/wp\/v2\/pages\/11653"}],"collection":[{"href":"https:\/\/morarmais.com.br\/mms\/wp-json\/wp\/v2\/pages"}],"about":[{"href":"https:\/\/morarmais.com.br\/mms\/wp-json\/wp\/v2\/types\/page"}],"author":[{"embeddable":true,"href":"https:\/\/morarmais.com.br\/mms\/wp-json\/wp\/v2\/users\/1"}],"replies":[{"embeddable":true,"href":"https:\/\/morarmais.com.br\/mms\/wp-json\/wp\/v2\/comments?post=11653"}],"version-history":[{"count":2,"href":"https:\/\/morarmais.com.br\/mms\/wp-json\/wp\/v2\/pages\/11653\/revisions"}],"predecessor-version":[{"id":17048,"href":"https:\/\/morarmais.com.br\/mms\/wp-json\/wp\/v2\/pages\/11653\/revisions\/17048"}],"wp:attachment":[{"href":"https:\/\/morarmais.com.br\/mms\/wp-json\/wp\/v2\/media?parent=11653"}],"curies":[{"name":"wp","href":"https:\/\/api.w.org\/{rel}","templated":true}]}}